{"id":5439,"date":"2025-04-30T14:50:41","date_gmt":"2025-04-30T12:50:41","guid":{"rendered":"https:\/\/www.parcfood.com\/politique-de-confidentialite\/"},"modified":"2026-04-08T16:01:05","modified_gmt":"2026-04-08T14:01:05","slug":"politique-de-confidentialite","status":"publish","type":"page","link":"https:\/\/www.parcfood.com\/fr\/politique-de-confidentialite\/","title":{"rendered":"Politique de confidentialit\u00e9"},"content":{"rendered":"\n<p>politique de confidentialit\u00e9 et conditions relatives aux cookies<\/p>\n\n<h4 class=\"wp-block-heading\"><a><\/a>Contr\u00f4leur des donn\u00e9es<\/h4>\n\n<p><strong>PARC S.r.l.<br \/>Si\u00e8ge social : <\/strong>VIA PIETRO MICCA 20 &#8211; 10122 &#8211; TORINO (TO)<br \/><strong>Num\u00e9ro de TVA : <\/strong>08653580012<br \/><strong>Capital social <\/strong>Euro 20,000.00<br \/><strong>REA-TO <\/strong>990812<br \/><strong>e-mail :<\/strong> parc@certapost.it<\/p>\n\n<h4 class=\"wp-block-heading\"><a><\/a>Types de donn\u00e9es collect\u00e9es<\/h4>\n\n<p>Parmi les donn\u00e9es personnelles collect\u00e9es par cette application, que ce soit de mani\u00e8re ind\u00e9pendante ou par l&rsquo;interm\u00e9diaire de tiers, figurent : Email, Pr\u00e9nom, Nom, Cookie, Donn\u00e9es d&rsquo;utilisation, Num\u00e9ro de t\u00e9l\u00e9phone, Profession, Province, \u00c9tat, Pays, Code postal, Sexe, Date de naissance, Num\u00e9ro de TVA, Nom de la soci\u00e9t\u00e9, Adresse et Num\u00e9ro de fax.<\/p>\n\n<p>D&rsquo;autres donn\u00e9es personnelles collect\u00e9es peuvent \u00eatre indiqu\u00e9es dans d&rsquo;autres sections de la pr\u00e9sente politique de confidentialit\u00e9 ou au moyen de textes d&rsquo;information affich\u00e9s en m\u00eame temps que la collecte des donn\u00e9es.<br \/>Les donn\u00e9es personnelles peuvent \u00eatre saisies volontairement par l&rsquo;utilisateur ou collect\u00e9es automatiquement lors de l&rsquo;utilisation de cette application.<br \/>L&rsquo;utilisation \u00e9ventuelle de cookies &#8211; ou d&rsquo;autres outils de suivi &#8211; par cette application ou par les propri\u00e9taires de services tiers utilis\u00e9s par cette application, sauf indication contraire, a pour but d&rsquo;identifier l&rsquo;utilisateur et d&rsquo;enregistrer ses pr\u00e9f\u00e9rences \u00e0 des fins strictement li\u00e9es \u00e0 la fourniture du service demand\u00e9 par l&rsquo;utilisateur.<br \/>Le fait que l&rsquo;utilisateur ne fournisse pas certaines donn\u00e9es personnelles peut emp\u00eacher cette application de fournir ses services.<\/p>\n\n<p>L&rsquo;Utilisateur assume la responsabilit\u00e9 des Donn\u00e9es Personnelles de tiers publi\u00e9es ou partag\u00e9es \u00e0 travers cette Application et garantit qu&rsquo;il a le droit de les communiquer ou de les diffuser, d\u00e9gageant le Propri\u00e9taire de toute responsabilit\u00e9 envers les tiers.<\/p>\n\n<h4 class=\"wp-block-heading\"><a><\/a>M\u00e9thode et lieu de traitement des donn\u00e9es collect\u00e9es<\/h4>\n\n<h4 class=\"wp-block-heading\"><a><\/a>Modes de traitement<\/h4>\n\n<p>Le responsable du traitement traite les donn\u00e9es personnelles des utilisateurs en adoptant des mesures de s\u00e9curit\u00e9 appropri\u00e9es visant \u00e0 emp\u00eacher l&rsquo;acc\u00e8s non autoris\u00e9, la divulgation, la modification ou la destruction des donn\u00e9es personnelles.<br \/>L&rsquo;acc\u00e8s aux donn\u00e9es peut \u00eatre disponible aux responsables du traitement des donn\u00e9es, tels que les employ\u00e9s impliqu\u00e9s dans le traitement, ou aux parties externes qui fournissent des services au responsable du traitement des donn\u00e9es, aux prestataires de services techniques tiers, aux courriers postaux, aux fournisseurs d&rsquo;h\u00e9bergement, aux soci\u00e9t\u00e9s informatiques, aux agences de communication. La liste actualis\u00e9e des personnes concern\u00e9es peut toujours \u00eatre demand\u00e9e au responsable du traitement. <\/p>\n\n<h4 class=\"wp-block-heading\"><a><\/a>Lieu<\/h4>\n\n<p>Les donn\u00e9es sont trait\u00e9es dans les locaux du responsable du traitement, sauf indication contraire dans le reste du document.<\/p>\n\n<h4 class=\"wp-block-heading\"><a><\/a>Temps<\/h4>\n\n<p>Les donn\u00e9es sont trait\u00e9es pendant la dur\u00e9e n\u00e9cessaire \u00e0 l&rsquo;ex\u00e9cution du service demand\u00e9 par l&rsquo;utilisateur ou aux fins d\u00e9crites dans le pr\u00e9sent document, et l&rsquo;utilisateur peut toujours demander l&rsquo;interruption du traitement ou la suppression des donn\u00e9es.<\/p>\n\n<h4 class=\"wp-block-heading\"><a><\/a>Finalit\u00e9s du traitement des donn\u00e9es<\/h4>\n\n<p>Les donn\u00e9es de l&rsquo;utilisateur sont collect\u00e9es pour permettre \u00e0 l&rsquo;application de fournir ses services, ainsi qu&rsquo;aux fins suivantes : contact avec l&rsquo;utilisateur, publicit\u00e9 et statistiques.<\/p>\n\n<p>Les types de donn\u00e9es \u00e0 caract\u00e8re personnel utilis\u00e9s pour chaque finalit\u00e9 sont indiqu\u00e9s dans les sections sp\u00e9cifiques du pr\u00e9sent document.<\/p>\n\n<h4 class=\"wp-block-heading\"><a><\/a>D\u00e9tails du traitement des donn\u00e9es personnelles<\/h4>\n\n<p>Les donn\u00e9es \u00e0 caract\u00e8re personnel sont collect\u00e9es aux fins suivantes et en utilisant les services suivants :<\/p>\n\n<h4 class=\"wp-block-heading\"><a><\/a>Contacter l&rsquo;utilisateur<\/h4>\n\n<h5 class=\"wp-block-heading\"><a><\/a>Liste de diffusion ou bulletin d&rsquo;information (Cette demande)<\/h5>\n\n<p>En s&rsquo;inscrivant \u00e0 la liste de diffusion ou \u00e0 la lettre d&rsquo;information, l&rsquo;adresse \u00e9lectronique de l&rsquo;utilisateur est automatiquement ajout\u00e9e \u00e0 une liste de contacts auxquels des messages \u00e9lectroniques contenant des informations, y compris de nature commerciale et promotionnelle, relatives \u00e0 cette application peuvent \u00eatre envoy\u00e9s. Votre adresse \u00e9lectronique peut \u00e9galement \u00eatre ajout\u00e9e \u00e0 cette liste \u00e0 la suite de votre inscription \u00e0 cette application ou apr\u00e8s avoir effectu\u00e9 un achat. <\/p>\n\n<p>Donn\u00e9es personnelles collect\u00e9es : Code postal, Nom de famille, Cookie, Donn\u00e9es d&rsquo;utilisation, Email, Pays, Pr\u00e9nom, Num\u00e9ro de t\u00e9l\u00e9phone, Profession, Province et Etat.<\/p>\n\n<h5 class=\"wp-block-heading\"><a><\/a>Formulaire de contact (Cette application)<\/h5>\n\n<p>En remplissant le formulaire de contact avec ses donn\u00e9es, l&rsquo;utilisateur consent \u00e0 l&rsquo;utilisation de ces donn\u00e9es pour r\u00e9pondre aux demandes d&rsquo;information, de devis ou de toute autre nature indiqu\u00e9e dans l&rsquo;en-t\u00eate du formulaire.<\/p>\n\n<p>Donn\u00e9es personnelles collect\u00e9es : code postal, nom de famille, date de naissance, courriel, adresse, pays, pr\u00e9nom, num\u00e9ro de fax, num\u00e9ro de t\u00e9l\u00e9phone, num\u00e9ro de TVA, profession, province, raison sociale, sexe, \u00e9tat et divers types de donn\u00e9es.<\/p>\n\n<h4 class=\"wp-block-heading\"><a><\/a>Publicit\u00e9<\/h4>\n\n<p>Ces services permettent d&rsquo;utiliser les donn\u00e9es de l&rsquo;utilisateur \u00e0 des fins de communication marketing dans diff\u00e9rentes formes de publicit\u00e9, telles que des banni\u00e8res, \u00e9galement li\u00e9es aux int\u00e9r\u00eats de l&rsquo;utilisateur.<br \/>Cela ne signifie pas que toutes les donn\u00e9es personnelles sont utilis\u00e9es \u00e0 cette fin. Les donn\u00e9es et les conditions d&rsquo;utilisation sont expos\u00e9es ci-dessous.<br \/>Certains des services expos\u00e9s ci-dessous peuvent utiliser des cookies pour identifier l&rsquo;Utilisateur ou utiliser la technique du reciblage comportemental, c&rsquo;est-\u00e0-dire l&rsquo;affichage de publicit\u00e9s adapt\u00e9es aux int\u00e9r\u00eats et au comportement de l&rsquo;Utilisateur, \u00e9galement d\u00e9tect\u00e9s en dehors de cette Application. Pour plus d&rsquo;informations \u00e0 ce sujet, nous vous sugg\u00e9rons de consulter les politiques de confidentialit\u00e9 des services respectifs.  <\/p>\n\n<h5 class=\"wp-block-heading\"><a><\/a>Direct Email Marketing (DEM) (Cette application)<\/h5>\n\n<p>Cette application utilise les donn\u00e9es de l&rsquo;utilisateur pour envoyer des propositions de nature commerciale concernant des services et des produits fournis par des tiers ou sans rapport avec le produit ou le service fourni par cette application.<\/p>\n\n<p>Donn\u00e9es personnelles collect\u00e9es : Email.<\/p>\n\n<h4 class=\"wp-block-heading\"><a><\/a>Statistiques<\/h4>\n\n<p>Les services contenus dans cette section permettent au contr\u00f4leur des donn\u00e9es de surveiller et d&rsquo;analyser les donn\u00e9es relatives au trafic et servent \u00e0 suivre le comportement de l&rsquo;utilisateur.<\/p>\n\n<h5 class=\"wp-block-heading\"><a><\/a>Google Analytics (Google)<\/h5>\n\n<p>Google Analytics est un service d&rsquo;analyse du Web fourni par Google Inc. (\u00ab Google \u00bb). Google utilise les Donn\u00e9es Personnelles collect\u00e9es dans le but de suivre et d&rsquo;examiner l&rsquo;utilisation de cette Application, de compiler des rapports et de les partager avec d&rsquo;autres services d\u00e9velopp\u00e9s par Google.<br \/>Google peut utiliser les Donn\u00e9es Personnelles pour contextualiser et personnaliser les publicit\u00e9s de son r\u00e9seau publicitaire.  <\/p>\n\n<p>Donn\u00e9es personnelles collect\u00e9es : Cookies et donn\u00e9es d&rsquo;utilisation.<\/p>\n\n<p>Lieu de traitement : USA &#8211; <a href=\"http:\/\/www.google.com\/intl\/it\/policies\/privacy\/\" rel=\"nofollow noopener\" target=\"_blank\">Politique de confidentialit\u00e9<\/a><\/p>\n\n<h4 class=\"wp-block-heading\"><a><\/a>Plus d&rsquo;informations sur le traitement<\/h4>\n\n<h4 class=\"wp-block-heading\"><a><\/a>La d\u00e9fense devant le tribunal<\/h4>\n\n<p>Les donn\u00e9es personnelles de l&rsquo;utilisateur peuvent \u00eatre utilis\u00e9es pour la d\u00e9fense du contr\u00f4leur des donn\u00e9es dans le cadre d&rsquo;une proc\u00e9dure judiciaire ou dans les phases pr\u00e9paratoires d&rsquo;une telle proc\u00e9dure contre les abus dans l&rsquo;utilisation des m\u00eames services ou de services connexes par l&rsquo;utilisateur.<\/p>\n\n<h4 class=\"wp-block-heading\"><a><\/a>Informations sp\u00e9cifiques<\/h4>\n\n<p>Outre les informations contenues dans la pr\u00e9sente politique de confidentialit\u00e9, cette application peut vous fournir des informations contextuelles concernant des services sp\u00e9cifiques ou la collecte et le traitement de donn\u00e9es \u00e0 caract\u00e8re personnel.<\/p>\n\n<h4 class=\"wp-block-heading\"><a><\/a>Journaux et maintenance du syst\u00e8me<\/h4>\n\n<p>\u00c0 des fins d&rsquo;exploitation et de maintenance, cette application et les services tiers qu&rsquo;elle utilise peuvent collecter des journaux de syst\u00e8me, c&rsquo;est-\u00e0-dire des fichiers qui enregistrent les interactions et qui peuvent \u00e9galement contenir des donn\u00e9es \u00e0 caract\u00e8re personnel, telles que l&rsquo;adresse IP. Utilisateur <\/p>\n\n<h4 class=\"wp-block-heading\"><a><\/a>Informations non contenues dans la pr\u00e9sente politique<\/h4>\n\n<p>De plus amples informations concernant le traitement des donn\u00e9es personnelles peuvent \u00eatre demand\u00e9es \u00e0 tout moment au contr\u00f4leur des donn\u00e9es en utilisant les informations de contact.<\/p>\n\n<h4 class=\"wp-block-heading\"><a><\/a>Exercice des droits par les utilisateurs<\/h4>\n\n<p>Les sujets auxquels se r\u00e9f\u00e8rent les donn\u00e9es personnelles ont le droit, \u00e0 tout moment, d&rsquo;obtenir la confirmation de l&rsquo;existence ou de la non-existence de ces donn\u00e9es aupr\u00e8s du responsable du traitement, d&rsquo;en conna\u00eetre le contenu et l&rsquo;origine, d&rsquo;en v\u00e9rifier l&rsquo;exactitude ou d&rsquo;en demander l&rsquo;int\u00e9gration, l&rsquo;effacement, la mise \u00e0 jour, la rectification, la transformation sous forme anonyme ou le blocage des donn\u00e9es personnelles trait\u00e9es en violation de la loi, ainsi que de s&rsquo;opposer en tout \u00e9tat de cause, pour des raisons l\u00e9gitimes, \u00e0 leur traitement. Les demandes doivent \u00eatre adress\u00e9es au contr\u00f4leur des donn\u00e9es. <\/p>\n\n<h4 class=\"wp-block-heading\"><a><\/a>Modifications de la pr\u00e9sente politique de confidentialit\u00e9<\/h4>\n\n<p>Le responsable du traitement des donn\u00e9es se r\u00e9serve le droit d&rsquo;apporter \u00e0 tout moment des modifications \u00e0 la pr\u00e9sente politique de confidentialit\u00e9 en les publiant sur cette page \u00e0 l&rsquo;intention des utilisateurs. Par cons\u00e9quent, veuillez consulter fr\u00e9quemment cette page, en prenant pour r\u00e9f\u00e9rence la date de la derni\u00e8re modification indiqu\u00e9e en bas de page. En cas de non-acceptation des modifications apport\u00e9es \u00e0 la pr\u00e9sente politique de confidentialit\u00e9, l&rsquo;utilisateur doit cesser d&rsquo;utiliser cette application et peut demander au responsable du traitement de supprimer ses donn\u00e9es personnelles. Sauf indication contraire, la politique de confidentialit\u00e9 pr\u00e9c\u00e9dente continuera \u00e0 s&rsquo;appliquer aux donn\u00e9es personnelles collect\u00e9es jusqu&rsquo;\u00e0 ce moment.   <\/p>\n\n<h4 class=\"wp-block-heading\"><a><\/a>A propos de cette politique de confidentialit\u00e9<\/h4>\n\n<p>Le contr\u00f4leur des donn\u00e9es est responsable de la pr\u00e9sente politique de confidentialit\u00e9, qui a \u00e9t\u00e9 r\u00e9dig\u00e9e sur la base des formulaires pr\u00e9par\u00e9s par Iubenda et stock\u00e9s sur ses serveurs.<\/p>\n\n<h4 class=\"wp-block-heading\"><a><\/a>D\u00e9finitions et r\u00e9f\u00e9rences juridiques<\/h4>\n\n<h5 class=\"wp-block-heading\"><a><\/a>Donn\u00e9es personnelles (ou donn\u00e9es)<\/h5>\n\n<p>Une donn\u00e9e \u00e0 caract\u00e8re personnel est toute information concernant une personne physique, identifi\u00e9e ou identifiable, m\u00eame indirectement, par r\u00e9f\u00e9rence \u00e0 toute autre information, y compris un num\u00e9ro d&rsquo;identification personnel.<\/p>\n\n<h5 class=\"wp-block-heading\"><a><\/a>Donn\u00e9es d&rsquo;utilisation<\/h5>\n\n<p>Il s&rsquo;agit de donn\u00e9es personnelles collect\u00e9es automatiquement par l&rsquo;Application (ou par les applications tierces qu&rsquo;elle utilise), notamment : les adresses IP ou les noms de domaine des ordinateurs utilis\u00e9s par l&rsquo;Utilisateur qui se connecte \u00e0 l&rsquo;Application, les adresses de notation URI (Uniform Resource Identifier), l&rsquo;heure de la demande, la m\u00e9thode utilis\u00e9e pour soumettre la demande au serveur, la taille du fichier obtenu en r\u00e9ponse, le code num\u00e9rique indiquant l&rsquo;\u00e9tat de la r\u00e9ponse du serveur (succ\u00e8s, erreur, etc.), le pays d&rsquo;origine, les caract\u00e9ristiques du navigateur et du syst\u00e8me d&rsquo;exploitation utilis\u00e9s par le visiteur, les diff\u00e9rentes connotations temporelles de la visite (par exemple, le temps pass\u00e9 sur chaque page) et les d\u00e9tails de l&rsquo;itin\u00e9raire suivi par l&rsquo;Utilisateur.), le pays d&rsquo;origine, les caract\u00e9ristiques du navigateur et du syst\u00e8me d&rsquo;exploitation utilis\u00e9s par le visiteur, les diff\u00e9rentes connotations temporelles de la visite (par exemple le temps pass\u00e9 sur chaque page) et les d\u00e9tails de l&rsquo;itin\u00e9raire suivi au sein de l&rsquo;application, en particulier la s\u00e9quence des pages consult\u00e9es, les param\u00e8tres relatifs au syst\u00e8me d&rsquo;exploitation et \u00e0 l&rsquo;environnement informatique de l&rsquo;utilisateur.<\/p>\n\n<h5 class=\"wp-block-heading\"><a><\/a>Utilisateur<\/h5>\n\n<p>La personne qui utilise cette application, qui doit co\u00efncider avec la personne concern\u00e9e ou \u00eatre autoris\u00e9e par elle et dont les donn\u00e9es personnelles sont trait\u00e9es.<\/p>\n\n<h5 class=\"wp-block-heading\"><a><\/a>Int\u00e9ress\u00e9<\/h5>\n\n<p>La personne physique ou morale \u00e0 laquelle les donn\u00e9es \u00e0 caract\u00e8re personnel se r\u00e9f\u00e8rent.<\/p>\n\n<h5 class=\"wp-block-heading\"><a><\/a>Processeur (ou gestionnaire)<\/h5>\n\n<p>La personne physique, l&rsquo;entit\u00e9 juridique, l&rsquo;administration publique et tout autre organisme, association ou organisation charg\u00e9 par le contr\u00f4leur du traitement des donn\u00e9es personnelles, conform\u00e9ment aux dispositions de la pr\u00e9sente politique de confidentialit\u00e9.<\/p>\n\n<h5 class=\"wp-block-heading\"><a><\/a>Contr\u00f4leur des donn\u00e9es (ou propri\u00e9taire)<\/h5>\n\n<p>La personne physique, l&rsquo;entit\u00e9 juridique, l&rsquo;administration publique et tout autre organe, association ou organisme qui est responsable, \u00e9galement conjointement avec un autre propri\u00e9taire, de d\u00e9cider des objectifs, des m\u00e9thodes de traitement des donn\u00e9es personnelles et des instruments utilis\u00e9s, y compris le profil de s\u00e9curit\u00e9, en relation avec le fonctionnement et l&rsquo;utilisation de cette application. Le contr\u00f4leur des donn\u00e9es, sauf indication contraire, est le propri\u00e9taire de cette application. <\/p>\n\n<h5 class=\"wp-block-heading\"><a><\/a>Cette application<\/h5>\n\n<p>L&rsquo;outil mat\u00e9riel ou logiciel par lequel les donn\u00e9es personnelles des utilisateurs sont collect\u00e9es.<\/p>\n\n<h5 class=\"wp-block-heading\"><a><\/a>Cookies<\/h5>\n\n<p>Petite partie des donn\u00e9es stock\u00e9es dans l&rsquo;appareil de l&rsquo;utilisateur.<\/p>\n\n<hr class=\"wp-block-separator has-alpha-channel-opacity\" \/>\n\n<h5 class=\"wp-block-heading\"><a><\/a>R\u00e9f\u00e9rences juridiques<\/h5>\n\n<p>Avis aux utilisateurs europ\u00e9ens : cette politique de confidentialit\u00e9 est r\u00e9dig\u00e9e conform\u00e9ment aux obligations pr\u00e9vues par le r\u00e8glement web GDPR 679\/2016, par l&rsquo;Art. 10 de la Directive n\u00b0 95\/46\/CE, ainsi que par les dispositions de la Directive 2002\/58\/CE, mise \u00e0 jour par la Directive 2009\/136\/CE, concernant les Cookies.  <\/p>\n\n<p>La pr\u00e9sente politique de protection de la vie priv\u00e9e concerne exclusivement cette application.<\/p>\n\n<h4 class=\"wp-block-heading\"><a><\/a>Politique en mati\u00e8re de cookies<\/h4>\n\n<p><strong>Outils d&rsquo;analyse et cookies<br \/>parcfood.com<\/strong> utilise Google Analytics (Google Inc.) pour analyser les statistiques de fr\u00e9quentation de notre site. Google Analytics utilise des cookies (fichiers texte stock\u00e9s sur votre ordinateur) afin d&rsquo;analyser votre interaction avec le site, de compiler des rapports et de les partager avec d&rsquo;autres services d\u00e9velopp\u00e9s par Google. Google peut utiliser les informations collect\u00e9es pour personnaliser et contextualiser les annonces de son r\u00e9seau publicitaire ; ces informations sont stock\u00e9es sur les serveurs de Google aux Etats-Unis. Vous pouvez d\u00e9sactiver les cookies dans les pr\u00e9f\u00e9rences de votre navigateur. Vous pouvez consulter la politique de confidentialit\u00e9 de Google Analytics ici (http:\/\/www.google.it\/analytics\/learn\/privacy.html).    <\/p>\n","protected":false},"excerpt":{"rendered":"<p>politique de confidentialit\u00e9 et conditions relatives aux cookies Contr\u00f4leur des donn\u00e9es PARC S.r.l.Si\u00e8ge social : VIA PIETRO MICCA 20 &#8211; 10122 &#8211; TORINO (TO)Num\u00e9ro de TVA : 08653580012Capital social Euro&#8230;<\/p>\n","protected":false},"author":3,"featured_media":0,"parent":0,"menu_order":0,"comment_status":"closed","ping_status":"closed","template":"","meta":{"_acf_changed":false,"footnotes":""},"class_list":["post-5439","page","type-page","status-publish"],"acf":[],"_links":{"self":[{"href":"https:\/\/www.parcfood.com\/fr\/wp-json\/wp\/v2\/pages\/5439","targetHints":{"allow":["GET"]}}],"collection":[{"href":"https:\/\/www.parcfood.com\/fr\/wp-json\/wp\/v2\/pages"}],"about":[{"href":"https:\/\/www.parcfood.com\/fr\/wp-json\/wp\/v2\/types\/page"}],"author":[{"embeddable":true,"href":"https:\/\/www.parcfood.com\/fr\/wp-json\/wp\/v2\/users\/3"}],"replies":[{"embeddable":true,"href":"https:\/\/www.parcfood.com\/fr\/wp-json\/wp\/v2\/comments?post=5439"}],"version-history":[{"count":2,"href":"https:\/\/www.parcfood.com\/fr\/wp-json\/wp\/v2\/pages\/5439\/revisions"}],"predecessor-version":[{"id":5848,"href":"https:\/\/www.parcfood.com\/fr\/wp-json\/wp\/v2\/pages\/5439\/revisions\/5848"}],"wp:attachment":[{"href":"https:\/\/www.parcfood.com\/fr\/wp-json\/wp\/v2\/media?parent=5439"}],"curies":[{"name":"wp","href":"https:\/\/api.w.org\/{rel}","templated":true}]}}